{"id":227,"date":"2015-01-11T16:17:04","date_gmt":"2015-01-11T16:17:04","guid":{"rendered":"http:\/\/demo.wphoot.com\/chromatic\/?page_id=7"},"modified":"2025-05-16T20:04:23","modified_gmt":"2025-05-16T18:04:23","slug":"about","status":"publish","type":"page","link":"https:\/\/wroclawskie-kamienice.pl\/index.php\/about\/","title":{"rendered":"O blogu"},"content":{"rendered":"\n<p>Blog Wroc\u0142awskie Kamienice powstaw\u0142 w 2010 roku. Przez ten czas zd\u0105\u017cy\u0142 zaj\u0105\u0107 pierwsze miejsce w konkursie na najlepszy blog dolno\u015bl\u0105ski (Blog Day, kategoria: miasto &#8211; region) i zgromadzi\u0107 przesympatyczne grono fan\u00f3w wroc\u0142awskich kamienic na swoim &nbsp;fanpage&#8217;u. O blogu niejednokrotnie mo\u017cna by\u0142o poczyta\u0107 w prasie, a nawet i us\u0142ysze\u0107 w radiu. Z moimi kamienicami pojawi\u0142am si\u0119 w przewodniku po Wroc\u0142awiu. Zaproszona przez Muzeum Narodowe i Wroc\u0142awskie Towarzystwo Mi\u0142o\u015bnik\u00f3w Historii opowiada\u0142am o tym, co magicznego jest w tych starych ceg\u0142ach. Jeden blog, a tyle rado\u015bci ;).&nbsp;<\/p>\n\n\n\n<p>Wyniki konkursu&nbsp;<a rel=\"noreferrer noopener\" href=\"http:\/\/www.pasazgrunwaldzki.pl\/wydarzenia\/wyniki-konkursu-blog-day-2011.html\" target=\"_blank\"><em>Blog Day<\/em><\/a><\/p>\n\n\n\n<p>Gazeta Wyborcza:\u00a0<em><a href=\"https:\/\/web.archive.org\/web\/20121022030630\/wroclaw.gazeta.pl\/wroclaw\/56,35751,12154606,Odkryj_piekno_i_dramat_wroclawskich_kamienic_razem.html\" target=\"_blank\" rel=\"noreferrer noopener\">Odkryj pi\u0119kno i dramat wroc\u0142awskich kamienic<\/a><\/em><br>MMWroc\u0142aw:\u00a0<a href=\"http:\/\/www.mmwroclaw.pl\/390769\/2011\/10\/23\/wroclawskie-kamienice-to-trudna-milosc?category=news\" target=\"_blank\" rel=\"noreferrer noopener\"><em>Wroc\u0142awskie kamienice to trudna mi\u0142o\u015b\u0107<\/em><\/a><br>Qype.com:\u00a0<em><a href=\"https:\/\/web.archive.org\/web\/20120819231931\/http:\/\/pl.blog.qype.com\/2011\/11\/14\/magia-starych-kamienic\/\" target=\"_blank\" rel=\"noreferrer noopener\">Magia starych kamienic<\/a><\/em><br>Wroc\u0142aw NaszeMiasto.pl:\u00a0<a href=\"http:\/\/wroclaw.naszemiasto.pl\/artykul\/poznaj-najlepsze-blogi-o-wroclawiu-lista,2428525,galop,t,id,tm.html#9caa2079b5bd7421,1,3,5.\" target=\"_blank\" rel=\"noreferrer noopener\">Najlepsze blogi o Wroc\u0142awiu<\/a><br>Wroc\u0142aw NaszeMiasto.pl:\u00a0<a href=\"http:\/\/wroclaw.naszemiasto.pl\/artykul\/wroclawskie-kamienice-w-obiektywie-blogerki-zdjecia-wywiad,2446119,galop,t,id,tm.html\" target=\"_blank\" rel=\"noreferrer noopener\">Wroc\u0142awskie kamienice w obiektywie blogerki<\/a><\/p>\n\n\n\n<p>&#8222;O historii Dolnego \u015al\u0105ska inaczej&#8221; &#8211;\u00a0<a href=\"https:\/\/web.archive.org\/web\/20130913211912\/http:\/\/wroclaw.gazeta.pl\/wroclaw\/1,35771,13855720,Blogerka_opowie_o_pieknie_i_tajemnicach_wroclawskich.html\" target=\"_blank\" rel=\"noreferrer noopener\"><em>Pi\u0119kno ukryte w detalach<\/em><\/a><br>&#8222;Blogosfera z klas\u0105&#8221; &#8211;\u00a0<a rel=\"noreferrer noopener\" href=\"http:\/\/www.legitymizm.org\/ogloszenie-oferta-edukacyjna-luty-2013\" target=\"_blank\"><em>Wroc\u0142awskie kamienice\u00a0<\/em><\/a><br>Alternatywny przewodnik po mie\u015bcie &#8211;\u00a0<em><a rel=\"noreferrer noopener\" href=\"http:\/\/www.agora.pl\/agora\/1,111600,11630684,_Zrob_to_we_Wroclawiu_.html\" target=\"_blank\">Zr\u00f3b to we Wroc\u0142awiu<\/a><\/em><\/p>\n\n\n\n<p>Po przerwie w latach 2017 &#8211; 2020 Wroc\u0142awskie Kamienice wracaj\u0105 do Was z nowymi pomys\u0142ami, &nbsp;obszerniejsz\u0105 tematyk\u0105 i wzmocnionym sk\u0142adem redakcyjnym. Pisz\u0105 dla Was: <\/p>\n\n\n\n<h6 class=\"wp-block-heading\"><strong>Ewelina Kodzis<\/strong><\/h6>\n\n\n\n<p>za\u0142o\u017cycielka i redaktorka\u00a0<a href=\"http:\/\/wroclawskie-kamienice.pl\" target=\"_blank\" rel=\"noreferrer noopener\">Wroc\u0142awskich Kamienic<\/a>. Zawodowo pisze, projektuje i fotografuje. Pasjonatka starych cegie\u0142, secesji, mikrohistorii. Typowa jesieniara i m\u00f3l ksi\u0105\u017ckowy. Od ponad 10 lat w\u0119druje po kamienicach Wroc\u0142awia, robi zdj\u0119cia, podziwia, szuka informacji o ich losach. A p\u00f3\u017aniej wszystkim tym dzieli si\u0119 z Wami.<\/p>\n\n\n\n<h6 class=\"wp-block-heading\"><strong>Seweryn Chwa\u0142ek<\/strong><\/h6>\n\n\n\n<p>dziennikarz do roku 2005, nast\u0119pnie za\u0142o\u017cy\u0142 i prowadzi do dzi\u015b firm\u0119&nbsp;ExpertDom, kt\u00f3ra zarz\u0105dza wsp\u00f3lnotami mieszkaniowymi. Kocha stare kamienice. Przeprowadzi\u0142 setki remont\u00f3w, organizuje \u017cycie wsp\u00f3lnot tak, by przywr\u00f3ci\u0107 kamienicom dawny urok i blask. Prawnik, autor publikacji z zakresu zarz\u0105dzania nieruchomo\u015bciami. Wspiera Wroc\u0142awskie Kamienice swoj\u0105 wiedz\u0105 i do\u015bwiadczeniem.<\/p>\n\n\n\n<figure class=\"wp-block-image\"><img loading=\"lazy\" decoding=\"async\" width=\"300\" height=\"71\" src=\"http:\/\/wroclawskie-kamienice.pl\/wp-content\/uploads\/2020\/06\/ExpertDom-logo-300x71.png\" alt=\"ExpertDom\" class=\"wp-image-2386\" title=\"ExpertDom\" srcset=\"https:\/\/wroclawskie-kamienice.pl\/wp-content\/uploads\/2020\/06\/ExpertDom-logo-300x71.png 300w, https:\/\/wroclawskie-kamienice.pl\/wp-content\/uploads\/2020\/06\/ExpertDom-logo-1024x243.png 1024w, https:\/\/wroclawskie-kamienice.pl\/wp-content\/uploads\/2020\/06\/ExpertDom-logo-768x182.png 768w, https:\/\/wroclawskie-kamienice.pl\/wp-content\/uploads\/2020\/06\/ExpertDom-logo-1536x364.png 1536w, https:\/\/wroclawskie-kamienice.pl\/wp-content\/uploads\/2020\/06\/ExpertDom-logo.png 1796w\" sizes=\"auto, (max-width: 300px) 100vw, 300px\" \/><\/figure>\n\n\n\n<p><\/p>\n","protected":false},"excerpt":{"rendered":"<p>Blog Wroc\u0142awskie Kamienice powstaw\u0142 w 2010 roku. Przez ten czas zd\u0105\u017cy\u0142 zaj\u0105\u0107 pierwsze miejsce w konkursie na najlepszy blog dolno\u015bl\u0105ski<\/p>\n","protected":false},"author":1,"featured_media":0,"parent":0,"menu_order":0,"comment_status":"closed","ping_status":"open","template":"","meta":{"ngg_post_thumbnail":0,"footnotes":""},"class_list":["post-227","page","type-page","status-publish","hentry"],"yoast_head":"<!-- This site is optimized with the Yoast SEO plugin v25.1 - https:\/\/yoast.com\/wordpress\/plugins\/seo\/ -->\n<title>O blogu | Wroc\u0142awskie Kamienice<\/title>\n<meta name=\"description\" content=\"Blog o historii i pi\u0119knie architektury Wroc\u0142awia. Wroc\u0142awskie kamienice - zajrzyj do \u015brodka!\" \/>\n<meta name=\"robots\" content=\"index, follow, max-snippet:-1, max-image-preview:large, max-video-preview:-1\" \/>\n<link rel=\"canonical\" href=\"https:\/\/wroclawskie-kamienice.pl\/index.php\/about\/\" \/>\n<meta property=\"og:locale\" content=\"pl_PL\" \/>\n<meta property=\"og:type\" content=\"article\" \/>\n<meta property=\"og:title\" content=\"O blogu | Wroc\u0142awskie Kamienice\" \/>\n<meta property=\"og:description\" content=\"Blog o historii i pi\u0119knie architektury Wroc\u0142awia. Wroc\u0142awskie kamienice - zajrzyj do \u015brodka!\" \/>\n<meta property=\"og:url\" content=\"https:\/\/wroclawskie-kamienice.pl\/index.php\/about\/\" \/>\n<meta property=\"og:site_name\" content=\"Wroc\u0142awskie Kamienice\" \/>\n<meta property=\"article:publisher\" content=\"https:\/\/www.facebook.com\/wroclawskie.kamienice\" \/>\n<meta property=\"article:modified_time\" content=\"2025-05-16T18:04:23+00:00\" \/>\n<meta property=\"og:image\" content=\"http:\/\/wroclawskie-kamienice.pl\/wp-content\/uploads\/2020\/06\/ExpertDom-logo-300x71.png\" \/>\n<meta name=\"twitter:card\" content=\"summary_large_image\" \/>\n<meta name=\"twitter:label1\" content=\"Szacowany czas czytania\" \/>\n\t<meta name=\"twitter:data1\" content=\"2 minuty\" \/>\n<script type=\"application\/ld+json\" class=\"yoast-schema-graph\">{\"@context\":\"https:\/\/schema.org\",\"@graph\":[{\"@type\":\"WebPage\",\"@id\":\"https:\/\/wroclawskie-kamienice.pl\/index.php\/about\/\",\"url\":\"https:\/\/wroclawskie-kamienice.pl\/index.php\/about\/\",\"name\":\"O blogu | Wroc\u0142awskie Kamienice\",\"isPartOf\":{\"@id\":\"https:\/\/wroclawskie-kamienice.pl\/#website\"},\"primaryImageOfPage\":{\"@id\":\"https:\/\/wroclawskie-kamienice.pl\/index.php\/about\/#primaryimage\"},\"image\":{\"@id\":\"https:\/\/wroclawskie-kamienice.pl\/index.php\/about\/#primaryimage\"},\"thumbnailUrl\":\"http:\/\/wroclawskie-kamienice.pl\/wp-content\/uploads\/2020\/06\/ExpertDom-logo-300x71.png\",\"datePublished\":\"2015-01-11T16:17:04+00:00\",\"dateModified\":\"2025-05-16T18:04:23+00:00\",\"description\":\"Blog o historii i pi\u0119knie architektury Wroc\u0142awia. Wroc\u0142awskie kamienice - zajrzyj do \u015brodka!\",\"breadcrumb\":{\"@id\":\"https:\/\/wroclawskie-kamienice.pl\/index.php\/about\/#breadcrumb\"},\"inLanguage\":\"pl-PL\",\"potentialAction\":[{\"@type\":\"ReadAction\",\"target\":[\"https:\/\/wroclawskie-kamienice.pl\/index.php\/about\/\"]}]},{\"@type\":\"ImageObject\",\"inLanguage\":\"pl-PL\",\"@id\":\"https:\/\/wroclawskie-kamienice.pl\/index.php\/about\/#primaryimage\",\"url\":\"http:\/\/wroclawskie-kamienice.pl\/wp-content\/uploads\/2020\/06\/ExpertDom-logo-300x71.png\",\"contentUrl\":\"http:\/\/wroclawskie-kamienice.pl\/wp-content\/uploads\/2020\/06\/ExpertDom-logo-300x71.png\"},{\"@type\":\"BreadcrumbList\",\"@id\":\"https:\/\/wroclawskie-kamienice.pl\/index.php\/about\/#breadcrumb\",\"itemListElement\":[{\"@type\":\"ListItem\",\"position\":1,\"name\":\"Strona g\u0142\u00f3wna\",\"item\":\"https:\/\/wroclawskie-kamienice.pl\/\"},{\"@type\":\"ListItem\",\"position\":2,\"name\":\"O&nbsp;blogu\"}]},{\"@type\":\"WebSite\",\"@id\":\"https:\/\/wroclawskie-kamienice.pl\/#website\",\"url\":\"https:\/\/wroclawskie-kamienice.pl\/\",\"name\":\"Wroc\u0142awskie Kamienice\",\"description\":\"\",\"potentialAction\":[{\"@type\":\"SearchAction\",\"target\":{\"@type\":\"EntryPoint\",\"urlTemplate\":\"https:\/\/wroclawskie-kamienice.pl\/?s={search_term_string}\"},\"query-input\":{\"@type\":\"PropertyValueSpecification\",\"valueRequired\":true,\"valueName\":\"search_term_string\"}}],\"inLanguage\":\"pl-PL\"}]}<\/script>\n<!-- \/ Yoast SEO plugin. -->","yoast_head_json":{"title":"O blogu | Wroc\u0142awskie Kamienice","description":"Blog o historii i pi\u0119knie architektury Wroc\u0142awia. Wroc\u0142awskie kamienice - zajrzyj do \u015brodka!","robots":{"index":"index","follow":"follow","max-snippet":"max-snippet:-1","max-image-preview":"max-image-preview:large","max-video-preview":"max-video-preview:-1"},"canonical":"https:\/\/wroclawskie-kamienice.pl\/index.php\/about\/","og_locale":"pl_PL","og_type":"article","og_title":"O blogu | Wroc\u0142awskie Kamienice","og_description":"Blog o historii i pi\u0119knie architektury Wroc\u0142awia. Wroc\u0142awskie kamienice - zajrzyj do \u015brodka!","og_url":"https:\/\/wroclawskie-kamienice.pl\/index.php\/about\/","og_site_name":"Wroc\u0142awskie Kamienice","article_publisher":"https:\/\/www.facebook.com\/wroclawskie.kamienice","article_modified_time":"2025-05-16T18:04:23+00:00","og_image":[{"url":"http:\/\/wroclawskie-kamienice.pl\/wp-content\/uploads\/2020\/06\/ExpertDom-logo-300x71.png","type":"","width":"","height":""}],"twitter_card":"summary_large_image","twitter_misc":{"Szacowany czas czytania":"2 minuty"},"schema":{"@context":"https:\/\/schema.org","@graph":[{"@type":"WebPage","@id":"https:\/\/wroclawskie-kamienice.pl\/index.php\/about\/","url":"https:\/\/wroclawskie-kamienice.pl\/index.php\/about\/","name":"O blogu | Wroc\u0142awskie Kamienice","isPartOf":{"@id":"https:\/\/wroclawskie-kamienice.pl\/#website"},"primaryImageOfPage":{"@id":"https:\/\/wroclawskie-kamienice.pl\/index.php\/about\/#primaryimage"},"image":{"@id":"https:\/\/wroclawskie-kamienice.pl\/index.php\/about\/#primaryimage"},"thumbnailUrl":"http:\/\/wroclawskie-kamienice.pl\/wp-content\/uploads\/2020\/06\/ExpertDom-logo-300x71.png","datePublished":"2015-01-11T16:17:04+00:00","dateModified":"2025-05-16T18:04:23+00:00","description":"Blog o historii i pi\u0119knie architektury Wroc\u0142awia. Wroc\u0142awskie kamienice - zajrzyj do \u015brodka!","breadcrumb":{"@id":"https:\/\/wroclawskie-kamienice.pl\/index.php\/about\/#breadcrumb"},"inLanguage":"pl-PL","potentialAction":[{"@type":"ReadAction","target":["https:\/\/wroclawskie-kamienice.pl\/index.php\/about\/"]}]},{"@type":"ImageObject","inLanguage":"pl-PL","@id":"https:\/\/wroclawskie-kamienice.pl\/index.php\/about\/#primaryimage","url":"http:\/\/wroclawskie-kamienice.pl\/wp-content\/uploads\/2020\/06\/ExpertDom-logo-300x71.png","contentUrl":"http:\/\/wroclawskie-kamienice.pl\/wp-content\/uploads\/2020\/06\/ExpertDom-logo-300x71.png"},{"@type":"BreadcrumbList","@id":"https:\/\/wroclawskie-kamienice.pl\/index.php\/about\/#breadcrumb","itemListElement":[{"@type":"ListItem","position":1,"name":"Strona g\u0142\u00f3wna","item":"https:\/\/wroclawskie-kamienice.pl\/"},{"@type":"ListItem","position":2,"name":"O&nbsp;blogu"}]},{"@type":"WebSite","@id":"https:\/\/wroclawskie-kamienice.pl\/#website","url":"https:\/\/wroclawskie-kamienice.pl\/","name":"Wroc\u0142awskie Kamienice","description":"","potentialAction":[{"@type":"SearchAction","target":{"@type":"EntryPoint","urlTemplate":"https:\/\/wroclawskie-kamienice.pl\/?s={search_term_string}"},"query-input":{"@type":"PropertyValueSpecification","valueRequired":true,"valueName":"search_term_string"}}],"inLanguage":"pl-PL"}]}},"_links":{"self":[{"href":"https:\/\/wroclawskie-kamienice.pl\/index.php\/wp-json\/wp\/v2\/pages\/227","targetHints":{"allow":["GET"]}}],"collection":[{"href":"https:\/\/wroclawskie-kamienice.pl\/index.php\/wp-json\/wp\/v2\/pages"}],"about":[{"href":"https:\/\/wroclawskie-kamienice.pl\/index.php\/wp-json\/wp\/v2\/types\/page"}],"author":[{"embeddable":true,"href":"https:\/\/wroclawskie-kamienice.pl\/index.php\/wp-json\/wp\/v2\/users\/1"}],"replies":[{"embeddable":true,"href":"https:\/\/wroclawskie-kamienice.pl\/index.php\/wp-json\/wp\/v2\/comments?post=227"}],"version-history":[{"count":7,"href":"https:\/\/wroclawskie-kamienice.pl\/index.php\/wp-json\/wp\/v2\/pages\/227\/revisions"}],"predecessor-version":[{"id":3877,"href":"https:\/\/wroclawskie-kamienice.pl\/index.php\/wp-json\/wp\/v2\/pages\/227\/revisions\/3877"}],"wp:attachment":[{"href":"https:\/\/wroclawskie-kamienice.pl\/index.php\/wp-json\/wp\/v2\/media?parent=227"}],"curies":[{"name":"wp","href":"https:\/\/api.w.org\/{rel}","templated":true}]}}