{"id":2360,"date":"2020-06-19T00:15:00","date_gmt":"2020-06-18T22:15:00","guid":{"rendered":"http:\/\/wroclawskie-kamienice.pl\/?page_id=2360"},"modified":"2020-06-19T00:15:01","modified_gmt":"2020-06-18T22:15:01","slug":"szlakiem-salve","status":"publish","type":"page","link":"https:\/\/wroclawskie-kamienice.pl\/index.php\/szlakiem-salve\/","title":{"rendered":"Szlakiem &#8222;Salve&#8221;"},"content":{"rendered":"\n<h6 class=\"has-vivid-red-color has-text-color wp-block-heading\">Charakterystyczne \u0142aci\u0144skie powitania na progach, fasadach czy posadzkach wroc\u0142awskich kamienic &#8211; &#8222;Salve&#8221;. Mamy zamiar zebra\u0107 je wszystkie na jednej mapie. <\/h6>\n\n\n\n<p>Wiemy, \u017ce nikt przed nami nie podj\u0105\u0142 si\u0119 tego zadania. Ile &#8222;Salve&#8221; znajdziemy? W kt\u00f3rych kamienicach? Sami jeste\u015bmy ciekawi. Projekt rozpocz\u0119li\u015bmy <a rel=\"noreferrer noopener\" href=\"http:\/\/wroclawskie-kamienice.pl\/index.php\/2020\/06\/01\/wroclawskie-kamienice-wracaja\/\" target=\"_blank\">1 czerwca 2020<\/a>. Kiedy si\u0119 zako\u0144czy &#8211; tego nie wiemy. Zadanie jest ambitne i b\u0119dzie wymaga\u0142o zwiedzenia ka\u017cdego kamienicznego zak\u0105tka miasta. Wroc\u0142aw ma kilka tysi\u0119cy kamienic, wi\u0119c pracy b\u0119dzie du\u017co. Mamy jednak nadziej\u0119, \u017ce gotowa mapa pos\u0142u\u017cy jako ciekawa inspiracja do odbywania tematycznych wycieczek po stolicy Dolnego \u015al\u0105ska. Rusz z nami szlakiem salve!<\/p>\n\n\n\n<figure class=\"wp-block-image size-large is-resized\"><img loading=\"lazy\" decoding=\"async\" src=\"http:\/\/wroclawskie-kamienice.pl\/wp-content\/uploads\/2020\/06\/101541776_736247243815462_4105408746887315456_n-1024x422.jpg\" alt=\"\" class=\"wp-image-2306\" width=\"1136\" height=\"464\"\/><figcaption>fot. Seweryn Chwa\u0142ek<\/figcaption><\/figure>\n\n\n\n<h6 class=\"has-vivid-red-color has-text-color wp-block-heading\">Szlakiem salve<\/h6>\n\n\n\n<p>Chcesz przy\u0142\u0105czy\u0107 si\u0119 do tworzenia tej wyj\u0105tkowej mapy? Prze\u015blij nam zdj\u0119cia znalezionych przez siebie napis\u00f3w na adres wroclawskie.kamienice@gmail.com wraz ze zgod\u0105 na ich zamieszczenie na mapie. Pami\u0119taj, by poda\u0107 nam adres, pod kt\u00f3rym znajduje si\u0119 &#8222;Salve&#8221; oraz swoje imi\u0119 i nazwisko lub pseudonim, by\u015bmy mogli oznaczy\u0107 Ci\u0119 jako autora. <a rel=\"noreferrer noopener\" href=\"https:\/\/www.google.com\/maps\/d\/drive?state=%7B%22ids%22%3A%5B%221nQK26SMF4LrthxLiUEdkTVfNqpl6LSLB%22%5D%2C%22action%22%3A%22open%22%2C%22userId%22%3A%22113578386252671950763%22%7D&amp;usp=sharing\" target=\"_blank\">Mapa<\/a> aktualizowana jest na bie\u017c\u0105co, dzi\u0119ki czemu mo\u017cesz \u0142atwo sprawdzi\u0107, kt\u00f3re &#8222;Salve&#8221; ju\u017c mamy. <\/p>\n\n\n\n<figure><iframe loading=\"lazy\" src=\"https:\/\/www.google.com\/maps\/d\/embed?mid=1nQK26SMF4LrthxLiUEdkTVfNqpl6LSLB\" width=\"640\" height=\"480\"><\/iframe><\/figure>\n\n\n\n<p><\/p>\n","protected":false},"excerpt":{"rendered":"<p>Szlakiem Salve <\/p>\n","protected":false},"author":1,"featured_media":0,"parent":0,"menu_order":0,"comment_status":"closed","ping_status":"closed","template":"","meta":{"ngg_post_thumbnail":0,"footnotes":""},"class_list":["post-2360","page","type-page","status-publish","hentry"],"yoast_head":"<!-- This site is optimized with the Yoast SEO plugin v25.1 - https:\/\/yoast.com\/wordpress\/plugins\/seo\/ -->\n<title>Szlakiem &quot;Salve&quot; | Wroc\u0142awskie Kamienice<\/title>\n<meta name=\"description\" content=\"Salve (\u0142ac.) - witaj, b\u0105d\u017a pozdrowiony. Napisy w kamienicach Wroc\u0142awia, dawnego Breslau. Wroc\u0142awskie kamienice witaj\u0105 domownik\u00f3w i go\u015bci. #szlakiemsalve\" \/>\n<meta name=\"robots\" content=\"index, follow, max-snippet:-1, max-image-preview:large, max-video-preview:-1\" \/>\n<link rel=\"canonical\" href=\"https:\/\/wroclawskie-kamienice.pl\/index.php\/szlakiem-salve\/\" \/>\n<meta property=\"og:locale\" content=\"pl_PL\" \/>\n<meta property=\"og:type\" content=\"article\" \/>\n<meta property=\"og:title\" content=\"Szlakiem &quot;Salve&quot; | Wroc\u0142awskie Kamienice\" \/>\n<meta property=\"og:description\" content=\"Salve (\u0142ac.) - witaj, b\u0105d\u017a pozdrowiony. Napisy w kamienicach Wroc\u0142awia, dawnego Breslau. Wroc\u0142awskie kamienice witaj\u0105 domownik\u00f3w i go\u015bci. #szlakiemsalve\" \/>\n<meta property=\"og:url\" content=\"https:\/\/wroclawskie-kamienice.pl\/index.php\/szlakiem-salve\/\" \/>\n<meta property=\"og:site_name\" content=\"Wroc\u0142awskie Kamienice\" \/>\n<meta property=\"article:publisher\" content=\"https:\/\/www.facebook.com\/wroclawskie.kamienice\" \/>\n<meta property=\"article:modified_time\" content=\"2020-06-18T22:15:01+00:00\" \/>\n<meta property=\"og:image\" content=\"http:\/\/wroclawskie-kamienice.pl\/wp-content\/uploads\/2020\/06\/101541776_736247243815462_4105408746887315456_n-1024x422.jpg\" \/>\n<meta name=\"twitter:card\" content=\"summary_large_image\" \/>\n<meta name=\"twitter:label1\" content=\"Szacowany czas czytania\" \/>\n\t<meta name=\"twitter:data1\" content=\"1 minuta\" \/>\n<script type=\"application\/ld+json\" class=\"yoast-schema-graph\">{\"@context\":\"https:\/\/schema.org\",\"@graph\":[{\"@type\":\"WebPage\",\"@id\":\"https:\/\/wroclawskie-kamienice.pl\/index.php\/szlakiem-salve\/\",\"url\":\"https:\/\/wroclawskie-kamienice.pl\/index.php\/szlakiem-salve\/\",\"name\":\"Szlakiem \\\"Salve\\\" | Wroc\u0142awskie Kamienice\",\"isPartOf\":{\"@id\":\"https:\/\/wroclawskie-kamienice.pl\/#website\"},\"primaryImageOfPage\":{\"@id\":\"https:\/\/wroclawskie-kamienice.pl\/index.php\/szlakiem-salve\/#primaryimage\"},\"image\":{\"@id\":\"https:\/\/wroclawskie-kamienice.pl\/index.php\/szlakiem-salve\/#primaryimage\"},\"thumbnailUrl\":\"http:\/\/wroclawskie-kamienice.pl\/wp-content\/uploads\/2020\/06\/101541776_736247243815462_4105408746887315456_n-1024x422.jpg\",\"datePublished\":\"2020-06-18T22:15:00+00:00\",\"dateModified\":\"2020-06-18T22:15:01+00:00\",\"description\":\"Salve (\u0142ac.) - witaj, b\u0105d\u017a pozdrowiony. Napisy w kamienicach Wroc\u0142awia, dawnego Breslau. Wroc\u0142awskie kamienice witaj\u0105 domownik\u00f3w i go\u015bci. #szlakiemsalve\",\"breadcrumb\":{\"@id\":\"https:\/\/wroclawskie-kamienice.pl\/index.php\/szlakiem-salve\/#breadcrumb\"},\"inLanguage\":\"pl-PL\",\"potentialAction\":[{\"@type\":\"ReadAction\",\"target\":[\"https:\/\/wroclawskie-kamienice.pl\/index.php\/szlakiem-salve\/\"]}]},{\"@type\":\"ImageObject\",\"inLanguage\":\"pl-PL\",\"@id\":\"https:\/\/wroclawskie-kamienice.pl\/index.php\/szlakiem-salve\/#primaryimage\",\"url\":\"https:\/\/wroclawskie-kamienice.pl\/wp-content\/uploads\/2020\/06\/101541776_736247243815462_4105408746887315456_n.jpg\",\"contentUrl\":\"https:\/\/wroclawskie-kamienice.pl\/wp-content\/uploads\/2020\/06\/101541776_736247243815462_4105408746887315456_n.jpg\",\"width\":1665,\"height\":686},{\"@type\":\"BreadcrumbList\",\"@id\":\"https:\/\/wroclawskie-kamienice.pl\/index.php\/szlakiem-salve\/#breadcrumb\",\"itemListElement\":[{\"@type\":\"ListItem\",\"position\":1,\"name\":\"Strona g\u0142\u00f3wna\",\"item\":\"https:\/\/wroclawskie-kamienice.pl\/\"},{\"@type\":\"ListItem\",\"position\":2,\"name\":\"Szlakiem &#8222;Salve&#8221;\"}]},{\"@type\":\"WebSite\",\"@id\":\"https:\/\/wroclawskie-kamienice.pl\/#website\",\"url\":\"https:\/\/wroclawskie-kamienice.pl\/\",\"name\":\"Wroc\u0142awskie Kamienice\",\"description\":\"\",\"potentialAction\":[{\"@type\":\"SearchAction\",\"target\":{\"@type\":\"EntryPoint\",\"urlTemplate\":\"https:\/\/wroclawskie-kamienice.pl\/?s={search_term_string}\"},\"query-input\":{\"@type\":\"PropertyValueSpecification\",\"valueRequired\":true,\"valueName\":\"search_term_string\"}}],\"inLanguage\":\"pl-PL\"}]}<\/script>\n<!-- \/ Yoast SEO plugin. -->","yoast_head_json":{"title":"Szlakiem \"Salve\" | Wroc\u0142awskie Kamienice","description":"Salve (\u0142ac.) - witaj, b\u0105d\u017a pozdrowiony. Napisy w kamienicach Wroc\u0142awia, dawnego Breslau. Wroc\u0142awskie kamienice witaj\u0105 domownik\u00f3w i go\u015bci. #szlakiemsalve","robots":{"index":"index","follow":"follow","max-snippet":"max-snippet:-1","max-image-preview":"max-image-preview:large","max-video-preview":"max-video-preview:-1"},"canonical":"https:\/\/wroclawskie-kamienice.pl\/index.php\/szlakiem-salve\/","og_locale":"pl_PL","og_type":"article","og_title":"Szlakiem \"Salve\" | Wroc\u0142awskie Kamienice","og_description":"Salve (\u0142ac.) - witaj, b\u0105d\u017a pozdrowiony. Napisy w kamienicach Wroc\u0142awia, dawnego Breslau. Wroc\u0142awskie kamienice witaj\u0105 domownik\u00f3w i go\u015bci. #szlakiemsalve","og_url":"https:\/\/wroclawskie-kamienice.pl\/index.php\/szlakiem-salve\/","og_site_name":"Wroc\u0142awskie Kamienice","article_publisher":"https:\/\/www.facebook.com\/wroclawskie.kamienice","article_modified_time":"2020-06-18T22:15:01+00:00","og_image":[{"url":"http:\/\/wroclawskie-kamienice.pl\/wp-content\/uploads\/2020\/06\/101541776_736247243815462_4105408746887315456_n-1024x422.jpg","type":"","width":"","height":""}],"twitter_card":"summary_large_image","twitter_misc":{"Szacowany czas czytania":"1 minuta"},"schema":{"@context":"https:\/\/schema.org","@graph":[{"@type":"WebPage","@id":"https:\/\/wroclawskie-kamienice.pl\/index.php\/szlakiem-salve\/","url":"https:\/\/wroclawskie-kamienice.pl\/index.php\/szlakiem-salve\/","name":"Szlakiem \"Salve\" | Wroc\u0142awskie Kamienice","isPartOf":{"@id":"https:\/\/wroclawskie-kamienice.pl\/#website"},"primaryImageOfPage":{"@id":"https:\/\/wroclawskie-kamienice.pl\/index.php\/szlakiem-salve\/#primaryimage"},"image":{"@id":"https:\/\/wroclawskie-kamienice.pl\/index.php\/szlakiem-salve\/#primaryimage"},"thumbnailUrl":"http:\/\/wroclawskie-kamienice.pl\/wp-content\/uploads\/2020\/06\/101541776_736247243815462_4105408746887315456_n-1024x422.jpg","datePublished":"2020-06-18T22:15:00+00:00","dateModified":"2020-06-18T22:15:01+00:00","description":"Salve (\u0142ac.) - witaj, b\u0105d\u017a pozdrowiony. Napisy w kamienicach Wroc\u0142awia, dawnego Breslau. Wroc\u0142awskie kamienice witaj\u0105 domownik\u00f3w i go\u015bci. #szlakiemsalve","breadcrumb":{"@id":"https:\/\/wroclawskie-kamienice.pl\/index.php\/szlakiem-salve\/#breadcrumb"},"inLanguage":"pl-PL","potentialAction":[{"@type":"ReadAction","target":["https:\/\/wroclawskie-kamienice.pl\/index.php\/szlakiem-salve\/"]}]},{"@type":"ImageObject","inLanguage":"pl-PL","@id":"https:\/\/wroclawskie-kamienice.pl\/index.php\/szlakiem-salve\/#primaryimage","url":"https:\/\/wroclawskie-kamienice.pl\/wp-content\/uploads\/2020\/06\/101541776_736247243815462_4105408746887315456_n.jpg","contentUrl":"https:\/\/wroclawskie-kamienice.pl\/wp-content\/uploads\/2020\/06\/101541776_736247243815462_4105408746887315456_n.jpg","width":1665,"height":686},{"@type":"BreadcrumbList","@id":"https:\/\/wroclawskie-kamienice.pl\/index.php\/szlakiem-salve\/#breadcrumb","itemListElement":[{"@type":"ListItem","position":1,"name":"Strona g\u0142\u00f3wna","item":"https:\/\/wroclawskie-kamienice.pl\/"},{"@type":"ListItem","position":2,"name":"Szlakiem &#8222;Salve&#8221;"}]},{"@type":"WebSite","@id":"https:\/\/wroclawskie-kamienice.pl\/#website","url":"https:\/\/wroclawskie-kamienice.pl\/","name":"Wroc\u0142awskie Kamienice","description":"","potentialAction":[{"@type":"SearchAction","target":{"@type":"EntryPoint","urlTemplate":"https:\/\/wroclawskie-kamienice.pl\/?s={search_term_string}"},"query-input":{"@type":"PropertyValueSpecification","valueRequired":true,"valueName":"search_term_string"}}],"inLanguage":"pl-PL"}]}},"_links":{"self":[{"href":"https:\/\/wroclawskie-kamienice.pl\/index.php\/wp-json\/wp\/v2\/pages\/2360","targetHints":{"allow":["GET"]}}],"collection":[{"href":"https:\/\/wroclawskie-kamienice.pl\/index.php\/wp-json\/wp\/v2\/pages"}],"about":[{"href":"https:\/\/wroclawskie-kamienice.pl\/index.php\/wp-json\/wp\/v2\/types\/page"}],"author":[{"embeddable":true,"href":"https:\/\/wroclawskie-kamienice.pl\/index.php\/wp-json\/wp\/v2\/users\/1"}],"replies":[{"embeddable":true,"href":"https:\/\/wroclawskie-kamienice.pl\/index.php\/wp-json\/wp\/v2\/comments?post=2360"}],"version-history":[{"count":9,"href":"https:\/\/wroclawskie-kamienice.pl\/index.php\/wp-json\/wp\/v2\/pages\/2360\/revisions"}],"predecessor-version":[{"id":2369,"href":"https:\/\/wroclawskie-kamienice.pl\/index.php\/wp-json\/wp\/v2\/pages\/2360\/revisions\/2369"}],"wp:attachment":[{"href":"https:\/\/wroclawskie-kamienice.pl\/index.php\/wp-json\/wp\/v2\/media?parent=2360"}],"curies":[{"name":"wp","href":"https:\/\/api.w.org\/{rel}","templated":true}]}}